{"id":2,"date":"2025-02-19T12:22:11","date_gmt":"2025-02-19T12:22:11","guid":{"rendered":"https:\/\/edukacije.com.hr\/?page_id=2"},"modified":"2025-07-18T17:25:48","modified_gmt":"2025-07-18T15:25:48","slug":"edukacije","status":"publish","type":"page","link":"https:\/\/edukacije.com.hr\/?page_id=2","title":{"rendered":"Centar za digitalno u\u010denje i usavr\u0161avanje"},"content":{"rendered":"\n<p>Centar za digitalno u\u010denje i usavr\u0161avanje (CDUU) je online platforma za cjelo\u017eivotno u\u010denje nastala na temelju suradnje <a href=\"https:\/\/povijest.net\/ca\/udruga\/\" target=\"_blank\" rel=\"noreferrer noopener\">Udruge Platforma Klio<\/a> i obrta <a href=\"https:\/\/www.inter-nos.biz\/\" target=\"_blank\" rel=\"noreferrer noopener\">Inter nos<\/a> (pomo\u0107ne uslu\u017ene djelatnosti u obrazovanju).<\/p>\n\n\n\n<!--more-->\n\n\n\n<div class=\"wp-block-group is-nowrap is-layout-flex wp-container-core-group-is-layout-f66f9956 wp-block-group-is-layout-flex\">\n<p>\u2705 Primarna grupa korisnika su <strong>u\u010ditelji i nastavnici <\/strong>hrvatskih osnovnih i srednjih \u0161kola, koji se \u017eele <strong>stru\u010dno usavr\u0161avati ili svoje znanje i vje\u0161tine ponuditi drugima<\/strong>. Sekundarna grupa korisnika su svi gra\u0111ani zainteresirani za cjelo\u017eivotno obrazovanje.<\/p>\n\n\n\n<p>\u2705 Edukacije se odr\u017eavaju putem webinara i online te\u010dajeva. Za svaku uspje\u0161no zavr\u0161enu edukaciju udruga izdaje <strong>potvrdu <\/strong>koju mo\u017eete prilo\u017eiti <strong>za napredovanje ili nagra\u0111ivanje<\/strong>.<\/p>\n<\/div>\n\n\n\n<p>\ud83d\udccc Omogu\u0107ujemo vam da organizirate svoje edukativne aktivnosti za koje tako\u0111er mo\u017eete dobiti odgovaraju\u0107u potvrdu.<\/p>\n\n\n\n<h3 class=\"wp-block-heading\">Vi\u0161e o na\u010dinima edukacije<\/h3>\n\n\n\n<div class=\"wp-block-group is-nowrap is-layout-flex wp-container-core-group-is-layout-f66f9956 wp-block-group-is-layout-flex\">\n<p><strong>Sinkroni online te\u010dajevi<\/strong> odr\u017eavaju se u stvarnom vremenu putem internetske veze. Svi sudionici (predava\u010di i polaznici) istovremeno su spojeni na webinar (Zoom). To omogu\u0107uje trenutnu interakciju, postavljanje pitanja i vo\u0111enje rasprava u realnom vremenu. Primjer takvih te\u010dajeva su <em>live <\/em>radionice i seminari koji se odr\u017eavaju u to\u010dno odre\u0111enom terminu. Mogu uklju\u010divati simulacije razredne nastave, pripremu nastavnih materijala i primjenu novih metoda pou\u010davanja. Predava\u010d mo\u017ee u\u017eivo pokazati odre\u0111ene prakse, nakon \u010dega slijede diskusija ili vje\u017ebe.<\/p>\n\n\n\n<p><strong>Asinkroni online te\u010dajevi<\/strong> ne zahtijevaju da svi sudionici budu online u istome trenutku. Materijali (video predavanja, prezentacije, \u010dlanci, zadatci) dostupni su na platformi, a polaznici pristupaju sadr\u017eaju prema vlastitom rasporedu &#8211; kad im to odgovara (24\/7). Interakcija naj\u010de\u0161\u0107e uklju\u010duje kvizove ili komentare gdje se rasprava odvija neovisno o vremenu, a svaki sudionik mo\u017ee postavljati pitanja ili odgovarati onda kada mu to odgovara. Nakon svake cjeline ili modula mogu se uklju\u010diti kvizovi i zadaci kako bi polaznici provjerili razumijevanje i pro\u0161li potrebnu verifikaciju za stjecanje certifikata.<\/p>\n<\/div>\n\n\n\n<p><strong>Kombinirani format <\/strong>&#8211; dio te\u010daja odvija se u\u017eivo <em>online<\/em>, a dio se odra\u0111uje samostalno (npr. zadaci, kvizovi, forumi). Na kraju se organizira zavr\u0161ni sastanak u\u017eivo radi evaluacije i razmjene iskustava.<\/p>\n\n\n\n<p><strong>CDUU <\/strong>nudi integrirane alate za certificiranje polaznika po zavr\u0161etku te\u010daja. Po uspje\u0161nom prolasku svih kvizova i zadataka, automatski se generira certifikat koji sudionici mogu preuzeti. Certifikati mogu sadr\u017eavati naziv te\u010daja, ime i prezime polaznika, datum zavr\u0161etka te\u010daja te ime udruge (organizatora).<\/p>\n\n\n\n<blockquote class=\"wp-block-quote is-layout-flow wp-block-quote-is-layout-flow\">\n<p>CDUU sustavno uvodi koncept <strong>mikrocertifikata <\/strong>kao oblik priznanja konkretnih kompetencija ste\u010denih kroz kra\u0107e, tematski usmjerene edukacije. Ovakvi certifikati omogu\u0107uju modularno usavr\u0161avanje, ve\u0107u profesionalnu vidljivost polaznika i uskla\u0111eni su s europskim trendovima priznavanja cjelo\u017eivotnog u\u010denja.<\/p>\n<\/blockquote>\n\n\n\n<div style=\"height:100px\" aria-hidden=\"true\" class=\"wp-block-spacer\"><\/div>\n","protected":false},"excerpt":{"rendered":"<p>Centar za digitalno u\u010denje i usavr\u0161avanje (CDUU) je online platforma za cjelo\u017eivotno u\u010denje nastala na temelju suradnje Udruge Platforma Klio i obrta Inter nos (pomo\u0107ne uslu\u017ene djelatnosti u obrazovanju).<\/p>\n","protected":false},"author":1,"featured_media":0,"parent":0,"menu_order":0,"comment_status":"closed","ping_status":"open","template":"","meta":{"_EventAllDay":false,"_EventTimezone":"","_EventStartDate":"","_EventEndDate":"","_EventStartDateUTC":"","_EventEndDateUTC":"","_EventShowMap":false,"_EventShowMapLink":false,"_EventURL":"","_EventCost":"","_EventCostDescription":"","_EventCurrencySymbol":"","_EventCurrencyCode":"","_EventCurrencyPosition":"","_EventDateTimeSeparator":"","_EventTimeRangeSeparator":"","_EventOrganizerID":[],"_EventVenueID":[],"_OrganizerEmail":"","_OrganizerPhone":"","_OrganizerWebsite":"","_VenueAddress":"","_VenueCity":"","_VenueCountry":"","_VenueProvince":"","_VenueState":"","_VenueZip":"","_VenuePhone":"","_VenueURL":"","_VenueStateProvince":"","_VenueLat":"","_VenueLng":"","_VenueShowMap":false,"_VenueShowMapLink":false,"footnotes":""},"class_list":["post-2","page","type-page","status-publish","hentry"],"aioseo_notices":[],"_links":{"self":[{"href":"https:\/\/edukacije.com.hr\/index.php?rest_route=\/wp\/v2\/pages\/2","targetHints":{"allow":["GET"]}}],"collection":[{"href":"https:\/\/edukacije.com.hr\/index.php?rest_route=\/wp\/v2\/pages"}],"about":[{"href":"https:\/\/edukacije.com.hr\/index.php?rest_route=\/wp\/v2\/types\/page"}],"author":[{"embeddable":true,"href":"https:\/\/edukacije.com.hr\/index.php?rest_route=\/wp\/v2\/users\/1"}],"replies":[{"embeddable":true,"href":"https:\/\/edukacije.com.hr\/index.php?rest_route=%2Fwp%2Fv2%2Fcomments&post=2"}],"version-history":[{"count":13,"href":"https:\/\/edukacije.com.hr\/index.php?rest_route=\/wp\/v2\/pages\/2\/revisions"}],"predecessor-version":[{"id":142,"href":"https:\/\/edukacije.com.hr\/index.php?rest_route=\/wp\/v2\/pages\/2\/revisions\/142"}],"wp:attachment":[{"href":"https:\/\/edukacije.com.hr\/index.php?rest_route=%2Fwp%2Fv2%2Fmedia&parent=2"}],"curies":[{"name":"wp","href":"https:\/\/api.w.org\/{rel}","templated":true}]}}