{"id":3,"date":"2025-02-19T12:22:11","date_gmt":"2025-02-19T12:22:11","guid":{"rendered":"https:\/\/edukacije.com.hr\/?page_id=3"},"modified":"2025-07-24T11:26:09","modified_gmt":"2025-07-24T09:26:09","slug":"privacy-policy","status":"publish","type":"page","link":"https:\/\/edukacije.com.hr\/?page_id=3","title":{"rendered":"Politike privatnosti"},"content":{"rendered":"\n<div class=\"wp-block-columns is-layout-flex wp-container-core-columns-is-layout-28f84493 wp-block-columns-is-layout-flex\">\n<div class=\"wp-block-column is-layout-flow wp-block-column-is-layout-flow\">\n<p><strong>Centar za digitalno u\u010denje i usavr\u0161avanje<\/strong> je dio poslovanja <a href=\"https:\/\/inter-nos.biz\/\">obrta Inter nos<\/a>. Voditelj projekta je Miljenko Hajdarovi\u0107 (<a href=\"https:\/\/hajdarovic.com\/cv\/\">biografija<\/a>).<\/p>\n\n\n\n<p>Centar za digitalno u\u010denje i usavr\u0161avanje (obrt Inter nos) nastoji za\u0161titi va\u0161u privatnost u skladu sa svjetskim praksama za privatnost kupaca i za\u0161titu podataka:<\/p>\n<\/div>\n\n\n\n<div class=\"wp-block-column is-layout-flow wp-block-column-is-layout-flow\">\n<figure class=\"wp-block-image size-full\"><img loading=\"lazy\" decoding=\"async\" width=\"260\" height=\"252\" src=\"https:\/\/edukacije.com.hr\/wp-content\/uploads\/2025\/07\/CDUU-logo-icon.png\" alt=\"\" class=\"wp-image-168\"\/><\/figure>\n<\/div>\n<\/div>\n\n\n\n<!--more-->\n\n\n\n<ul class=\"wp-block-list\">\n<li>Va\u0161e osobne podatke koristimo u skladu s Op\u0107om uredbom o za\u0161titi podataka (pro\u010ditajte vi\u0161e o&nbsp;<a href=\"https:\/\/eur-lex.europa.eu\/legal-content\/EN\/TXT\/?uri=CELEX%3A32016R0679\">GDPR<\/a>-u).<\/li>\n\n\n\n<li>Va\u0161e ime, adresu, telefonski broj, adresu e\u2011po\u0161te ili bilo koju drugu informaciju nikome ne\u0107emo prodati niti dati.<\/li>\n\n\n\n<li>Koristit \u0107emo najsuvremenije sigurnosne mjere kako bismo za\u0161titili va\u0161e podatke od neovla\u0161tenih korisnika.<\/li>\n<\/ul>\n\n\n\n<p>Va\u0161e podatke prikupljamo kako bi osigurali bolju i personaliziranu uslugu, te kako bi vas mogli kontaktirati. Va\u0161i se podatci prikupljaju otvaranjem korisni\u010dkog ili pretplatni\u010dkog ra\u010duna na internetskim stranicama Centra za digitalno u\u010denje i usavr\u0161avanje. Osnovne svrhe prikupljanja va\u0161ih osobnih podataka su:<\/p>\n\n\n\n<ul class=\"wp-block-list\">\n<li>olak\u0161avanje kori\u0161tenja internetske stranice Centar za digitalno u\u010denje i usavr\u0161avanje tako \u0161to ne\u0107ete morati vi\u0161e puta unositi podatke,<\/li>\n\n\n\n<li>kako bismo vam pomogli da brzo prona\u0111ete te\u010dajeve, usluge ili informacije,<\/li>\n\n\n\n<li>kako bi nama pomogli u stvaranju sadr\u017eaja koji je vama najrelevantniji i potreban,<\/li>\n\n\n\n<li>kako bismo vas upozorili na nadogradnje proizvoda, posebne ponude, a\u017eurirane informacije i druge nove usluge Centra za digitalno u\u010denje i usavr\u0161avanje.<\/li>\n<\/ul>\n\n\n\n<h2 class=\"wp-block-heading\">PRISTANAK<\/h2>\n\n\n\n<p>Ako se odlu\u010dite ne registrirati i dalje mo\u017eete koristiti dio sadr\u017eaja na stranicama Centra za digitalno u\u010denje i usavr\u0161avanje, ali ne\u0107ete mo\u0107i pristupiti podru\u010djima koja zahtijevaju registraciju, kao \u0161to online te\u010dajevi, raspored predavanja i sl.<\/p>\n\n\n\n<p>Ako se odlu\u010dite registrirati, mo\u0107i \u0107ete odabrati vrste informacija koje \u017eelite primati od nas pretplatom na razne usluge, poput na\u0161eg tjednog newslettera. <\/p>\n\n\n\n<h2 class=\"wp-block-heading\">PRISTUP<\/h2>\n\n\n\n<p>Pru\u017eit \u0107emo vam sredstva da osiguramo da su va\u0161i osobni podaci to\u010dni i aktualni ili da \u010dak potpuno uklonimo va\u0161e osobne podatke iz na\u0161e baze podataka. Mo\u017eete pregledati, a\u017eurirati ili zahtijevati brisanje svojih osobnih podataka u bilo kojem trenutku kontaktom na email: podrska@edukacije.com.hr <\/p>\n\n\n\n<h2 class=\"wp-block-heading\">SIGURNOST<\/h2>\n\n\n\n<p>Centar za digitalno u\u010denje i usavr\u0161avanje poduzeo je mjere kako bi za\u0161titila sigurnost va\u0161ih osobnih podataka i osigurala da se po\u0161tuju va\u0161i izbori za njihovu namjenu. Poduzimamo stroge mjere opreza kako bismo za\u0161titili va\u0161e podatke od gubitka, zlouporabe, neovla\u0161tenog pristupa ili otkrivanja, izmjene ili uni\u0161tenja.<\/p>\n\n\n\n<p>Jam\u010dimo da su va\u0161e transakcije 100% sigurne i za\u0161ti\u0107ene. Kada dajete narud\u017ebe ili pristupate informacijama o svom osobnom ra\u010dunu, koristite sigurni poslu\u017eiteljski softver SSL, koji \u0161ifrira va\u0161e osobne podatke prije nego \u0161to se po\u0161alju putem interneta. SSL je jedna od najsigurnijih dostupnih tehnologija \u0161ifriranja. Osim toga, va\u0161e transakcije za\u0161ti\u0107ene su od strane Stripe servisa.<\/p>\n\n\n\n<p>Va\u0161i osobni podaci nikada se ne dijele izvan tvrtke bez va\u0161eg dopu\u0161tenja, osim pod gore navedenim uvjetima. Unutar tvrtke podaci se pohranjuju na poslu\u017eiteljima kontroliranim lozinkom s ograni\u010denim pristupom. Va\u0161i podaci mogu biti pohranjeni i obra\u0111eni u Republici Hrvatskoj ili bilo kojoj drugoj zemlji u kojoj se nalazi Centar za digitalno u\u010denje i usavr\u0161avanje, njezine podru\u017enice, suradnici ili agenti.<\/p>\n\n\n\n<p>Vi tako\u0111er imate zna\u010dajnu ulogu u za\u0161titi va\u0161ih podataka. Nitko ne mo\u017ee vidjeti ili urediti va\u0161e osobne podatke ako ne zna va\u0161e korisni\u010dko ime i lozinku, stoga ih nemojte dijeliti s drugima.<\/p>\n\n\n\n<p>Ako iz nekog razloga smatrate da se Centar za digitalno u\u010denje i usavr\u0161avanje nije pridr\u017eavao ovih na\u010dela, obavijestite nas putem e-maila, a mi \u0107emo dati sve od sebe da odmah utvrdimo i ispravimo problem.<\/p>\n\n\n\n<h2 class=\"wp-block-heading\">PROFILI KORISNIKA<\/h2>\n\n\n\n<p>Svaki registrirani korisnik ima jedinstveni osobni profil. Svakom profilu dodijeljen je jedinstveni osobni identifikacijski broj, koji nam poma\u017ee osigurati da samo vi mo\u017eete pristupiti svom profilu.<\/p>\n\n\n\n<p>Kada se registrirate, sustav automatske kreira va\u0161 profil, dodjeljuje osobni identifikacijski broj, zatim taj osobni identifikacijski broj \u0161aljemo natrag na va\u0161 tvrdi disk u obliku kola\u010di\u0107a, \u0161to je vrlo mali dio koda. Ovaj kod je jedinstveno va\u0161. To je va\u0161a putovnica za besprijekorno putovanje kroz Centar za digitalno u\u010denje i usavr\u0161avanje, koja vam omogu\u0107uje pristup na\u0161im online uslugama bez potrebe za ispunjavanjem obrazaca za registraciju podacima koje ste ve\u0107 ranije unijeli. \u010cak i ako promijenite ra\u010dunalo, ne\u0107ete se morati ponovno registrirati \u2013 samo upotrijebite svoje registracijske podatke za prijavu na sustav.<\/p>\n\n\n\n<h2 class=\"wp-block-heading\">KAKO KORISTIMO VA\u0160E INFORMACIJE<\/h2>\n\n\n\n<p>Kada nam se pridru\u017eite, dajete nam svoje podatke za kontakt, uklju\u010duju\u0107i svoje ime i adresu e\u2011po\u0161te. Ove podatke koristimo kako bismo vam poslali a\u017euriranja o va\u0161oj narud\u017ebi, upitnike za mjerenje va\u0161eg zadovoljstva na\u0161om uslugom i najave o novim i uzbudljivim uslugama koje nudimo. Kada naru\u010dujete od nas, tra\u017eimo va\u0161u adresu za naplatu, ali ne i va\u0161u kreditnu karticu. Sve na\u0161e transakcije sigurno obra\u0111uje Stripe. Radi va\u0161e udobnosti, spremamo podatke o naplati u slu\u010daju da ponovno \u017eelite naru\u010diti od nas (osim podataka o va\u0161oj kreditnoj kartici), ali te podatke vi\u0161e ne koristimo bez va\u0161eg dopu\u0161tenja.<\/p>\n\n\n\n<p>Clionaut Akademija \u0107e otkriti va\u0161e osobne podatke, bez prethodne obavijesti, samo ako to zahtijeva zakon ili u dobroj vjeri da je takva radnja nu\u017ena za: (a) uskla\u0111ivanje sa zakonskim odredbama ili u skladu sa pravnim postupkom koji je dostavljen Centru za digitalno u\u010denje i usavr\u0161avanje; (b) za\u0161titu ili obranu prava ili vlasni\u0161tva Centra za digitalno u\u010denje i usavr\u0161avanje i njezinih web stranica, i (c) djelovanje u hitnim okolnostima kako bi za\u0161titili osobnu sigurnost korisnika Centra za digitalno u\u010denje i usavr\u0161avanje, njezinih web stranica ili javnosti.<\/p>\n\n\n\n<p>\ud83d\udce7 Sva dodatna pitanja i komentare po\u0161aljite na e-mail adresu: podrska@edukacije.com.hr<\/p>\n\n\n\n<div style=\"height:100px\" aria-hidden=\"true\" class=\"wp-block-spacer\"><\/div>\n","protected":false},"excerpt":{"rendered":"<p>Centar za digitalno u\u010denje i usavr\u0161avanje je dio poslovanja obrta Inter nos. Voditelj projekta je Miljenko Hajdarovi\u0107 (biografija). Centar za digitalno u\u010denje i usavr\u0161avanje (obrt Inter nos) nastoji za\u0161titi va\u0161u [&hellip;]<\/p>\n","protected":false},"author":1,"featured_media":0,"parent":0,"menu_order":0,"comment_status":"closed","ping_status":"open","template":"","meta":{"_EventAllDay":false,"_EventTimezone":"","_EventStartDate":"","_EventEndDate":"","_EventStartDateUTC":"","_EventEndDateUTC":"","_EventShowMap":false,"_EventShowMapLink":false,"_EventURL":"","_EventCost":"","_EventCostDescription":"","_EventCurrencySymbol":"","_EventCurrencyCode":"","_EventCurrencyPosition":"","_EventDateTimeSeparator":"","_EventTimeRangeSeparator":"","_EventOrganizerID":[],"_EventVenueID":[],"_OrganizerEmail":"","_OrganizerPhone":"","_OrganizerWebsite":"","_VenueAddress":"","_VenueCity":"","_VenueCountry":"","_VenueProvince":"","_VenueState":"","_VenueZip":"","_VenuePhone":"","_VenueURL":"","_VenueStateProvince":"","_VenueLat":"","_VenueLng":"","_VenueShowMap":false,"_VenueShowMapLink":false,"footnotes":""},"class_list":["post-3","page","type-page","status-publish","hentry"],"aioseo_notices":[],"_links":{"self":[{"href":"https:\/\/edukacije.com.hr\/index.php?rest_route=\/wp\/v2\/pages\/3","targetHints":{"allow":["GET"]}}],"collection":[{"href":"https:\/\/edukacije.com.hr\/index.php?rest_route=\/wp\/v2\/pages"}],"about":[{"href":"https:\/\/edukacije.com.hr\/index.php?rest_route=\/wp\/v2\/types\/page"}],"author":[{"embeddable":true,"href":"https:\/\/edukacije.com.hr\/index.php?rest_route=\/wp\/v2\/users\/1"}],"replies":[{"embeddable":true,"href":"https:\/\/edukacije.com.hr\/index.php?rest_route=%2Fwp%2Fv2%2Fcomments&post=3"}],"version-history":[{"count":7,"href":"https:\/\/edukacije.com.hr\/index.php?rest_route=\/wp\/v2\/pages\/3\/revisions"}],"predecessor-version":[{"id":486,"href":"https:\/\/edukacije.com.hr\/index.php?rest_route=\/wp\/v2\/pages\/3\/revisions\/486"}],"wp:attachment":[{"href":"https:\/\/edukacije.com.hr\/index.php?rest_route=%2Fwp%2Fv2%2Fmedia&parent=3"}],"curies":[{"name":"wp","href":"https:\/\/api.w.org\/{rel}","templated":true}]}}