{"id":428,"date":"2025-07-20T17:23:43","date_gmt":"2025-07-20T15:23:43","guid":{"rendered":"https:\/\/edukacije.com.hr\/?page_id=428"},"modified":"2025-07-24T11:26:11","modified_gmt":"2025-07-24T09:26:11","slug":"o-projektu","status":"publish","type":"page","link":"https:\/\/edukacije.com.hr\/?page_id=428","title":{"rendered":"O projektu"},"content":{"rendered":"\n<p>Centar za digitalno u\u010denje i usavr\u0161avanje (CDUU) inovativna je online platforma osmi\u0161ljena kao odgovor na potrebe suvremenog obrazovanja. Utemeljen na suradnji Udruge Platforma Klio i obrta Inter nos, CDUU objedinjuje stru\u010dno znanje i digitalne tehnologije kako bi omogu\u0107io kvalitetno, pristupa\u010dno i fleksibilno cjelo\u017eivotno u\u010denje.<\/p>\n\n\n\n<!--more-->\n\n\n\n<blockquote class=\"wp-block-quote is-layout-flow wp-block-quote-is-layout-flow\">\n<p>CDUU sam pokrenuo iz uvjerenja da u\u010ditelji zaslu\u017euju podr\u0161ku, znanje i zajednicu koja prati ritam promjena i ne boji se postavljati pitanja.<\/p>\n<cite>Miljenko Hajdarovi\u0107, pokreta\u010d platrofme<\/cite><\/blockquote>\n\n\n\n<h3 class=\"wp-block-heading\">Osnovne informacije<\/h3>\n\n\n\n<div class=\"wp-block-group is-layout-grid wp-container-core-group-is-layout-478b6e6b wp-block-group-is-layout-grid\">\n<p>\ud83d\udeb8 <strong>REGISTRIRANI \u010cLANOVI:<\/strong> Za pristup te\u010dajevima morate se <a href=\"https:\/\/edukacije.com.hr\/dashboard\/\">registrirati <\/a>na ovoj platformi.<\/p>\n\n\n\n<p>\ud83d\udd16 <strong>NAPLATA: <\/strong>Pla\u0107anje je mogu\u0107e karticama i redovnom bankovnom uplatom.<\/p>\n\n\n\n<p>\ud83d\udcdd <strong>RA\u010cUN<\/strong>: <a href=\"https:\/\/www.inter-nos.biz\/\">Obrt Inter nos<\/a> kao vlasnik platforme za svaku uplatu izdaje ra\u010dun.<\/p>\n\n\n\n<p class=\"wp-container-content-69bc4bdf\">\ud83d\udcb0 <strong>\u010cLANARINE<\/strong>: Nisu obavezne ali vam daju priliku za <a href=\"https:\/\/edukacije.com.hr\/memberships\/\">popuste<\/a>.<\/p>\n\n\n\n<p>\ud83d\udcc3 <strong>POTVRDE\/CERTIFIKATI<\/strong>: Po zavr\u0161enom te\u010daju automatski se izdaju uz potvrdu <a href=\"https:\/\/povijest.net\/ca\/udruga\/\">udruge Platforma Klio<\/a>.<\/p>\n\n\n\n<p class=\"wp-container-content-69bc4bdf\">\u2615 <strong>SURADNJA<\/strong>: Podijelite svoja znanja i vje\u0161tine &#8211; <a href=\"https:\/\/edukacije.com.hr\/suradnja\/\">postanite na\u0161 suradnik<\/a>!<\/p>\n<\/div>\n\n\n\n<p>CDUU je namijenjen hrvatskim <strong>u\u010diteljima i nastavnicima<\/strong> osnovnih i srednjih \u0161kola koji \u017eele unaprijediti svoje kompetencije, istra\u017eiti nove pedago\u0161ke pristupe i koristiti digitalne alate u pou\u010davanju. Sekundarna ciljna skupina su <strong>svi gra\u0111ani <\/strong>zainteresirani za osobni razvoj, nove vje\u0161tine i znanja \u2013 bez obzira na dob, prethodno obrazovanje ili mjesto stanovanja.<\/p>\n\n\n\n<p>Putem na\u0161e platforme korisnici mogu sudjelovati u stru\u010dno osmi\u0161ljenim sinkronim i asinkronim online te\u010dajevima, webinarima i edukacijama koje rezultiraju potvrdom o stru\u010dnom usavr\u0161avanju. Kori\u0161tenjem LMS sustava omogu\u0107ujemo strukturirano u\u010denje kroz module, lekcije, kvizove, zadatke i <a href=\"https:\/\/edukacije.com.hr\/mikrocertifikati-male-potvrde-velikih-znanja\/\">digitalne certifikate<\/a>.<\/p>\n\n\n\n<p>Na\u0161 cilj nije samo preno\u0161enje znanja \u2013 \u017eelimo graditi zajednicu znati\u017eeljnih i odgovornih edukatora koji promi\u0161ljaju svoju praksu i mijenjaju obrazovanje nabolje. CDUU je mjesto gdje se spajaju stru\u010dnost, tehnologija i strast prema u\u010denju.<\/p>\n\n\n\n<p>\ud83d\udce7 Sva dodatna pitanja i komentare po\u0161aljite na e-mail adresu: podrska@edukacije.com.hr<\/p>\n\n\n\n<div style=\"height:100px\" aria-hidden=\"true\" class=\"wp-block-spacer\"><\/div>\n","protected":false},"excerpt":{"rendered":"<p>Centar za digitalno u\u010denje i usavr\u0161avanje (CDUU) inovativna je online platforma osmi\u0161ljena kao odgovor na potrebe suvremenog obrazovanja. Utemeljen na suradnji Udruge Platforma Klio i obrta Inter nos, CDUU objedinjuje [&hellip;]<\/p>\n","protected":false},"author":1,"featured_media":0,"parent":0,"menu_order":0,"comment_status":"closed","ping_status":"closed","template":"","meta":{"_EventAllDay":false,"_EventTimezone":"","_EventStartDate":"","_EventEndDate":"","_EventStartDateUTC":"","_EventEndDateUTC":"","_EventShowMap":false,"_EventShowMapLink":false,"_EventURL":"","_EventCost":"","_EventCostDescription":"","_EventCurrencySymbol":"","_EventCurrencyCode":"","_EventCurrencyPosition":"","_EventDateTimeSeparator":"","_EventTimeRangeSeparator":"","_EventOrganizerID":[],"_EventVenueID":[],"_OrganizerEmail":"","_OrganizerPhone":"","_OrganizerWebsite":"","_VenueAddress":"","_VenueCity":"","_VenueCountry":"","_VenueProvince":"","_VenueState":"","_VenueZip":"","_VenuePhone":"","_VenueURL":"","_VenueStateProvince":"","_VenueLat":"","_VenueLng":"","_VenueShowMap":false,"_VenueShowMapLink":false,"footnotes":""},"class_list":["post-428","page","type-page","status-publish","hentry"],"aioseo_notices":[],"_links":{"self":[{"href":"https:\/\/edukacije.com.hr\/index.php?rest_route=\/wp\/v2\/pages\/428","targetHints":{"allow":["GET"]}}],"collection":[{"href":"https:\/\/edukacije.com.hr\/index.php?rest_route=\/wp\/v2\/pages"}],"about":[{"href":"https:\/\/edukacije.com.hr\/index.php?rest_route=\/wp\/v2\/types\/page"}],"author":[{"embeddable":true,"href":"https:\/\/edukacije.com.hr\/index.php?rest_route=\/wp\/v2\/users\/1"}],"replies":[{"embeddable":true,"href":"https:\/\/edukacije.com.hr\/index.php?rest_route=%2Fwp%2Fv2%2Fcomments&post=428"}],"version-history":[{"count":13,"href":"https:\/\/edukacije.com.hr\/index.php?rest_route=\/wp\/v2\/pages\/428\/revisions"}],"predecessor-version":[{"id":487,"href":"https:\/\/edukacije.com.hr\/index.php?rest_route=\/wp\/v2\/pages\/428\/revisions\/487"}],"wp:attachment":[{"href":"https:\/\/edukacije.com.hr\/index.php?rest_route=%2Fwp%2Fv2%2Fmedia&parent=428"}],"curies":[{"name":"wp","href":"https:\/\/api.w.org\/{rel}","templated":true}]}}