{"id":489,"date":"2025-07-24T11:31:06","date_gmt":"2025-07-24T09:31:06","guid":{"rendered":"https:\/\/edukacije.com.hr\/?page_id=489"},"modified":"2025-07-24T11:31:06","modified_gmt":"2025-07-24T09:31:06","slug":"povrat-novca","status":"publish","type":"page","link":"https:\/\/edukacije.com.hr\/?page_id=489","title":{"rendered":"Povrat novca"},"content":{"rendered":"\n<p>Vjerujemo u kvalitetu na\u0161ih online usluga i materijala i zato vam nudimo<strong>&nbsp;jamstvo povrata novca<\/strong>&nbsp;u slu\u010daju da niste zadovoljni. Imajte da umu da smo za pripremu svih digitalnih sadr\u017eaja potro\u0161ili izvjestan broj sati i dana te da se za predavanja i radionice unaprijed moramo pripremiti.<\/p>\n\n\n\n<div class=\"wp-block-columns is-layout-flex wp-container-core-columns-is-layout-28f84493 wp-block-columns-is-layout-flex\">\n<div class=\"wp-block-column is-layout-flow wp-block-column-is-layout-flow\" style=\"flex-basis:66.66%\">\n<p>Zahtjev za povratom novca potrebno je poslati e\u2011po\u0161tom najkasnije \u010detrnaest (14) dana od dana kupovine. To se odnosi na 14 kalendarskih dana bez obzira na radne dane, blagdane, praznike i sl.<\/p>\n\n\n\n<p>\ud83d\udce7 <em>podrska@edukacije.com.hr <\/em><\/p>\n\n\n\n<p>Zakon zaprimljenog zahtjeva poku\u0161ati \u0107emo odgovoriti unutar 48 sati tijekom radnih dana. Po odobrenju zahtjeva za povrat sredstva se ispla\u0107uju na isto sredstvo pla\u0107anja s kojeg ste izvr\u0161ili uplatu.<\/p>\n<\/div>\n\n\n\n<div class=\"wp-block-column is-layout-flow wp-block-column-is-layout-flow\" style=\"flex-basis:33.33%\">\n<figure class=\"wp-block-image size-full\"><img loading=\"lazy\" decoding=\"async\" width=\"305\" height=\"249\" src=\"https:\/\/edukacije.com.hr\/wp-content\/uploads\/2025\/07\/refund.jpg\" alt=\"\" class=\"wp-image-490\" srcset=\"https:\/\/edukacije.com.hr\/wp-content\/uploads\/2025\/07\/refund.jpg 305w, https:\/\/edukacije.com.hr\/wp-content\/uploads\/2025\/07\/refund-300x245.jpg 300w\" sizes=\"auto, (max-width: 305px) 100vw, 305px\" \/><\/figure>\n<\/div>\n<\/div>\n\n\n\n<p>Jamstvo povrata novca&nbsp;<strong>nije&nbsp;<\/strong>mogu\u0107e iskoristiti:<\/p>\n\n\n\n<ul class=\"wp-block-list\">\n<li>sukladno\u00a0<a href=\"https:\/\/www.ecc-croatia.hr\/\" target=\"_blank\" rel=\"noreferrer noopener\">EU za\u0161titi potro\u0161a\u010da<\/a>\u00a0ne mo\u017eete vratiti proizvod koji je izra\u0111en prema va\u0161im specifikacijama, ili od kupovine proizvoda koji je jasno personaliziran prema va\u0161im zahtjevima;<\/li>\n\n\n\n<li>ako ste ve\u0107 preuzeli (<em>download<\/em>) materijale na svoje ra\u010dunalo;<\/li>\n\n\n\n<li>tijekom ili nakon odr\u017eavanja predavanja (bilo u\u017eivo ili <em>online<\/em>) ili u procesu odr\u017eavanja online te\u010daja koji uklju\u010duje moderaciju u\u017eivo;<\/li>\n\n\n\n<li>za te\u010daj za koji vam je ve\u0107 izdan certifikat\/potvrda.<\/li>\n<\/ul>\n\n\n\n<p>Kod ovih slu\u010dajeva nemogu\u0107nosti povrata prije svega se radi o me\u0111usobnom po\u0161tivanju dogovora, utro\u0161enog vremena i planiranja aktivnosti.<\/p>\n\n\n\n<p>Ova pravila su objavljena 24. srpnja 2025.<\/p>\n","protected":false},"excerpt":{"rendered":"<p>Vjerujemo u kvalitetu na\u0161ih online usluga i materijala i zato vam nudimo&nbsp;jamstvo povrata novca&nbsp;u slu\u010daju da niste zadovoljni. Imajte da umu da smo za pripremu svih digitalnih sadr\u017eaja potro\u0161ili izvjestan [&hellip;]<\/p>\n","protected":false},"author":1,"featured_media":0,"parent":0,"menu_order":0,"comment_status":"closed","ping_status":"closed","template":"","meta":{"_EventAllDay":false,"_EventTimezone":"","_EventStartDate":"","_EventEndDate":"","_EventStartDateUTC":"","_EventEndDateUTC":"","_EventShowMap":false,"_EventShowMapLink":false,"_EventURL":"","_EventCost":"","_EventCostDescription":"","_EventCurrencySymbol":"","_EventCurrencyCode":"","_EventCurrencyPosition":"","_EventDateTimeSeparator":"","_EventTimeRangeSeparator":"","_EventOrganizerID":[],"_EventVenueID":[],"_OrganizerEmail":"","_OrganizerPhone":"","_OrganizerWebsite":"","_VenueAddress":"","_VenueCity":"","_VenueCountry":"","_VenueProvince":"","_VenueState":"","_VenueZip":"","_VenuePhone":"","_VenueURL":"","_VenueStateProvince":"","_VenueLat":"","_VenueLng":"","_VenueShowMap":false,"_VenueShowMapLink":false,"footnotes":""},"class_list":["post-489","page","type-page","status-publish","hentry"],"aioseo_notices":[],"_links":{"self":[{"href":"https:\/\/edukacije.com.hr\/index.php?rest_route=\/wp\/v2\/pages\/489","targetHints":{"allow":["GET"]}}],"collection":[{"href":"https:\/\/edukacije.com.hr\/index.php?rest_route=\/wp\/v2\/pages"}],"about":[{"href":"https:\/\/edukacije.com.hr\/index.php?rest_route=\/wp\/v2\/types\/page"}],"author":[{"embeddable":true,"href":"https:\/\/edukacije.com.hr\/index.php?rest_route=\/wp\/v2\/users\/1"}],"replies":[{"embeddable":true,"href":"https:\/\/edukacije.com.hr\/index.php?rest_route=%2Fwp%2Fv2%2Fcomments&post=489"}],"version-history":[{"count":1,"href":"https:\/\/edukacije.com.hr\/index.php?rest_route=\/wp\/v2\/pages\/489\/revisions"}],"predecessor-version":[{"id":491,"href":"https:\/\/edukacije.com.hr\/index.php?rest_route=\/wp\/v2\/pages\/489\/revisions\/491"}],"wp:attachment":[{"href":"https:\/\/edukacije.com.hr\/index.php?rest_route=%2Fwp%2Fv2%2Fmedia&parent=489"}],"curies":[{"name":"wp","href":"https:\/\/api.w.org\/{rel}","templated":true}]}}